{"id":641,"date":"2019-07-19T16:35:20","date_gmt":"2019-07-19T14:35:20","guid":{"rendered":"https:\/\/www.aromen.ch\/?page_id=641"},"modified":"2024-12-20T07:59:34","modified_gmt":"2024-12-20T06:59:34","slug":"aromen-fuer-tierfutter","status":"publish","type":"page","link":"https:\/\/www.aromen.ch\/en\/aromen-fuer-tierfutter\/","title":{"rendered":"Flavors"},"content":{"rendered":"<h1>\n\t\tFlavors\n\t<\/h1>\n\t\t\t\t\t\t\t\t\t<img loading=\"lazy\" decoding=\"async\" src=\"https:\/\/www.aromen.ch\/wp-content\/uploads\/bb-plugin\/cache\/Milchprodukte_526942096-875x1024-circle.jpg\" alt=\"Hitzestabile nat\u00fcrliche, wie auch synthetische Aromen f\u00fcr Milchprodukte (Proteinshakes, Molkedrinks, K\u00e4se) bemustern wir ihnen gerne auf Anfrage.\" itemprop=\"image\" height=\"1024\" width=\"875\" title=\"Milchprodukte_526942096\" onerror=\"this.style.display='none'\"  \/>\n\t\t\t\t\t\t\t\t\t\t\tHeat-stable natural as well as synthetic flavors for dairy products (protein shakes, whey drinks, cheese) are available on request.\n\t<p><strong>Flavors for dairy products<\/strong><\/p>\n<p>&nbsp;<\/p>\n\t\t\t\t\t\t\t\t\t<img loading=\"lazy\" decoding=\"async\" src=\"https:\/\/www.aromen.ch\/wp-content\/uploads\/bb-plugin\/cache\/Back-und-Suesswaren_499243963-1024x683-circle.jpg\" alt=\"Cr\u00e8mig und fruchtige, hitzestabile Aromen in fl\u00fcssiger Form f\u00fcr s\u00fcsse Lebensmittel jeglicher Art.\" itemprop=\"image\" height=\"683\" width=\"1024\" title=\"Baking and confectionery_499243963\" onerror=\"this.style.display='none'\"  \/>\n\t\t\t\t\t\t\t\t\t\t\tCreamy and fruity, heat-stable flavors in liquid form for sweet foods of all kinds.\n\t<p><strong>Flavors for bakery &amp; confectionery products<\/strong><\/p>\n\t\t\t\t\t\t\t\t\t<img loading=\"lazy\" decoding=\"async\" src=\"https:\/\/www.aromen.ch\/wp-content\/uploads\/bb-plugin\/cache\/Getr\u00e4nke_373400791-1024x738-circle.jpg\" alt=\"Wasserl\u00f6sliche synthetische, wie auch natr\u00fcliche, fl\u00fcssige Aromen &amp; diverse Extrakte bieten wir ihnen gerne auf Anfrage.\" itemprop=\"image\" height=\"738\" width=\"1024\" title=\"Drinks_373400791\" onerror=\"this.style.display='none'\"  \/>\n\t\t\t\t\t\t\t\t\t\t\tWater-soluble synthetic, as well as natural, liquid flavors &amp; various extracts we offer them gladly on request.\n\t<p><strong>Flavors for beverages<\/strong><\/p>\n<p>&nbsp;<\/p>\n\t\t\t\t\t\t\t\t<a href=\"https:\/\/www.aromen-online.ch\/app\/easyshop\/query?group=PRIVAT&#038;category=111&#038;dt_activegroupkey=PRIVAT%7C111%7C&#038;grouptext=Privatkunden&#038;categorytext=PLUSAROMA+-+s%C3%BCss+%26+fruchtig&#038;UID=889553-DBAD334D21EB5BDA_1831330FAD2A&#038;Title=PLUSAROMA+-+s%C3%BCss+%26+fruchtig\" target=\"_blank\" itemprop=\"url\" rel=\"noopener\">\n\t\t\t\t\t\t\t\t\t<img loading=\"lazy\" decoding=\"async\" src=\"https:\/\/www.aromen.ch\/wp-content\/uploads\/bb-plugin\/cache\/Guenteraroma_Logo_Plusaroma-square.png\" alt=\"Guenteraroma_Logo_Plusaroma\" itemprop=\"image\" height=\"921\" width=\"929\" title=\"Guenteraroma_Logo_Plusaroma\" onerror=\"this.style.display='none'\"  \/>\n\t\t\t\t\t\t\t\t\t\t\t\t\t<\/a>\n\t<p><strong>Flavors for small consumers<\/strong><\/p>\n\t\t\t\t\t\t\t\t\t<img loading=\"lazy\" decoding=\"async\" src=\"https:\/\/www.aromen.ch\/wp-content\/uploads\/bb-plugin\/cache\/Wuerzige-Produkte_1104005027-1024x683-circle.jpg\" alt=\"Seasoning Aromen in fl\u00fcssiger und pulverf\u00f6rmiger Form bieten wir f\u00fcr individuelle Applikationen\" itemprop=\"image\" height=\"683\" width=\"1024\" title=\"Selection of dressings, sauces, marinade and spice\" onerror=\"this.style.display='none'\"  \/>\n\t\t\t\t\t\t\t\t\t\t\tWe offer spicy flavors in liquid and powder form for individual applications in the spicy sector\n\t<p><strong>Flavors for spicy food<\/strong><\/p>","protected":false},"excerpt":{"rendered":"<p>Flavors Heat-stable natural as well as synthetic flavors for dairy products (protein shakes, whey drinks, cheese) we are happy to sample on request. Flavors for dairy products Creamy and fruity, heat-stable flavors in liquid form for sweet foods of all kinds. Flavors for bakery &amp; confectionery products Water-soluble synthetic, as well as natural, liquid flavors &amp; various extracts we offer you on...<\/p>","protected":false},"author":2,"featured_media":0,"parent":0,"menu_order":0,"comment_status":"closed","ping_status":"closed","template":"","meta":{"footnotes":""},"class_list":["post-641","page","type-page","status-publish","hentry"],"_links":{"self":[{"href":"https:\/\/www.aromen.ch\/en\/wp-json\/wp\/v2\/pages\/641","targetHints":{"allow":["GET"]}}],"collection":[{"href":"https:\/\/www.aromen.ch\/en\/wp-json\/wp\/v2\/pages"}],"about":[{"href":"https:\/\/www.aromen.ch\/en\/wp-json\/wp\/v2\/types\/page"}],"author":[{"embeddable":true,"href":"https:\/\/www.aromen.ch\/en\/wp-json\/wp\/v2\/users\/2"}],"replies":[{"embeddable":true,"href":"https:\/\/www.aromen.ch\/en\/wp-json\/wp\/v2\/comments?post=641"}],"version-history":[{"count":48,"href":"https:\/\/www.aromen.ch\/en\/wp-json\/wp\/v2\/pages\/641\/revisions"}],"predecessor-version":[{"id":1285,"href":"https:\/\/www.aromen.ch\/en\/wp-json\/wp\/v2\/pages\/641\/revisions\/1285"}],"wp:attachment":[{"href":"https:\/\/www.aromen.ch\/en\/wp-json\/wp\/v2\/media?parent=641"}],"curies":[{"name":"wp","href":"https:\/\/api.w.org\/{rel}","templated":true}]}}