{"id":24,"date":"2018-09-25T09:31:41","date_gmt":"2018-09-25T09:31:41","guid":{"rendered":"https:\/\/www.aromen.ch\/?page_id=24"},"modified":"2022-02-14T21:30:58","modified_gmt":"2022-02-14T20:30:58","slug":"impressum","status":"publish","type":"page","link":"https:\/\/www.aromen.ch\/en\/impressum\/","title":{"rendered":"Imprint"},"content":{"rendered":"<h1>\n\t\tImprint\n\t<\/h1>\n<h5>\n\t\tContact address\n\t<\/h5>\n\tG\u00fcnter Aroma AG<br \/>\nReinacherstrasse 21<br \/>\n5712 Beinwil am See<br \/>\nSwitzerland<br \/>\n<a href=\"mailto:info@aromen.ch\">info@aromen.ch<\/a>\n<h5>\n\t\tAuthorized representatives\n\t<\/h5>\n\tUlrich G\u00fcnter<br \/>\nMarianne G\u00fcnter\n<h5>\n\t\tCommercial register entry\n\t<\/h5>\n\tRegistered company name: G\u00fcnter Aroma AG<br \/>\nNumber: CHE-104.433.930<br \/>\nCommercial Register Office: Aarau<br \/>\n<strong>VAT number<br \/>\n<\/strong>CHE-104.433.930\n<h5>\n\t\tDisclaimer\n\t<\/h5>\n\t<p>The author assumes no responsibility for the correctness, accuracy, timeliness, reliability and completeness of the information.<\/p>\n<p>Liability claims regarding damage caused by the use of any information provided, including any kind of information which is incomplete or incorrect, will therefore be rejected.<\/p>\n<p>All offers are non-binding. The author expressly reserves the right to change, supplement or delete parts of the pages or the entire offer without prior notice or to discontinue the publication temporarily or permanently.<\/p>\n<h5>\n\t\tLiability for links\n\t<\/h5>\n\t<p>References and links to third party websites are outside our area of responsibility. Any responsibility for such websites is declined.  Access and use of such websites is at the user's own risk.<\/p>\n<h5>\n\t\tCopyrights\n\t<\/h5>\n\t<p>The copyrights and all other rights to the content, images, photos or other files on the website belong exclusively to the company G\u00fcnter Aroma AG or the specifically named rights holders. For the reproduction of any elements, the written consent of the copyright holders must be obtained in advance.<\/p>\n<h5>\n\t\tPrivacy\n\t<\/h5>\n\t<p>Based on Article 13 of the Swiss Federal Constitution and the data protection provisions of the Swiss Confederation (Data Protection Act, DSG), every person has the right to protection of his or her privacy as well as protection against misuse of his or her personal data. We comply with these provisions. Personal data is treated as strictly confidential and is neither sold nor passed on to third parties.<\/p>\n<p>In close cooperation with our hosting providers, we make every effort to protect the databases as well as possible from unauthorized access, loss, misuse or forgery.<\/p>\n<p>When accessing our websites, the following data is stored in log files: IP address, date, time, browser request and generally transmitted information about the operating system or browser. This usage data forms the basis for statistical, anonymous evaluations so that trends can be identified, which we can use to improve our offerings accordingly.<\/p>","protected":false},"excerpt":{"rendered":"<p>Imprint Contact address G\u00fcnter Aroma AG Reinacherstrasse 21 5712 Beinwil am See Switzerland info@aromen.ch Authorized representatives Ulrich G\u00fcnter Marianne G\u00fcnter Commercial register entry Registered company name: G\u00fcnter Aroma AG Number: CHE-104.433.930 Commercial register office: Aarau Value added tax number CHE-104.433.930 Disclaimer The author assumes no liability whatsoever with regard to the correctness, accuracy, up-to-dateness, reliability and completeness of the information. Liability claims regarding damage caused by the use of any information provided, including any...<\/p>","protected":false},"author":1,"featured_media":0,"parent":0,"menu_order":0,"comment_status":"closed","ping_status":"closed","template":"","meta":{"footnotes":""},"class_list":["post-24","page","type-page","status-publish","hentry"],"_links":{"self":[{"href":"https:\/\/www.aromen.ch\/en\/wp-json\/wp\/v2\/pages\/24","targetHints":{"allow":["GET"]}}],"collection":[{"href":"https:\/\/www.aromen.ch\/en\/wp-json\/wp\/v2\/pages"}],"about":[{"href":"https:\/\/www.aromen.ch\/en\/wp-json\/wp\/v2\/types\/page"}],"author":[{"embeddable":true,"href":"https:\/\/www.aromen.ch\/en\/wp-json\/wp\/v2\/users\/1"}],"replies":[{"embeddable":true,"href":"https:\/\/www.aromen.ch\/en\/wp-json\/wp\/v2\/comments?post=24"}],"version-history":[{"count":9,"href":"https:\/\/www.aromen.ch\/en\/wp-json\/wp\/v2\/pages\/24\/revisions"}],"predecessor-version":[{"id":1155,"href":"https:\/\/www.aromen.ch\/en\/wp-json\/wp\/v2\/pages\/24\/revisions\/1155"}],"wp:attachment":[{"href":"https:\/\/www.aromen.ch\/en\/wp-json\/wp\/v2\/media?parent=24"}],"curies":[{"name":"wp","href":"https:\/\/api.w.org\/{rel}","templated":true}]}}